{"id":15274,"date":"2025-06-19T03:27:03","date_gmt":"2025-06-19T09:27:03","guid":{"rendered":"https:\/\/fonktown.es\/?page_id=15274"},"modified":"2025-09-02T04:07:28","modified_gmt":"2025-09-02T10:07:28","slug":"15274-2","status":"publish","type":"page","link":"https:\/\/fonktown.es\/es\/servicios-de-produccion\/15274-2\/","title":{"rendered":"Scouting de locaciones"},"content":{"rendered":"[vc_row type=\u00bbfull_width_content\u00bb full_screen_row_position=\u00bbmiddle\u00bb column_margin=\u00bbdefault\u00bb column_direction=\u00bbdefault\u00bb column_direction_tablet=\u00bbdefault\u00bb column_direction_phone=\u00bbdefault\u00bb bg_image=\u00bb11005&#8243; bg_position=\u00bbcenter center\u00bb background_image_loading=\u00bbdefault\u00bb bg_repeat=\u00bbno-repeat\u00bb scene_position=\u00bbcenter\u00bb top_padding=\u00bb0&#8243; bottom_padding=\u00bb0&#8243; text_color=\u00bblight\u00bb text_align=\u00bbleft\u00bb row_border_radius=\u00bbnone\u00bb row_border_radius_applies=\u00bbbg\u00bb overflow=\u00bbvisible\u00bb color_overlay=\u00bb#000000&#8243; advanced_gradient_angle=\u00bb0&#8243; overlay_strength=\u00bb0.5&#8243; gradient_direction=\u00bbleft_to_right\u00bb shape_divider_position=\u00bbbottom\u00bb bg_image_animation=\u00bbnone\u00bb gradient_type=\u00bbdefault\u00bb shape_type=\u00bb\u00bb][vc_column column_padding=\u00bbpadding-15-percent\u00bb column_padding_tablet=\u00bbinherit\u00bb column_padding_phone=\u00bbinherit\u00bb column_padding_position=\u00bbtop-bottom\u00bb column_element_spacing=\u00bbdefault\u00bb background_color_opacity=\u00bb1&#8243; background_hover_color_opacity=\u00bb1&#8243; column_shadow=\u00bbnone\u00bb column_border_radius=\u00bbnone\u00bb column_link_target=\u00bb_self\u00bb column_position=\u00bbdefault\u00bb advanced_gradient_angle=\u00bb0&#8243; gradient_direction=\u00bbleft_to_right\u00bb overlay_strength=\u00bb0.3&#8243; width=\u00bb1\/1&#8243; tablet_width_inherit=\u00bbdefault\u00bb tablet_text_alignment=\u00bbdefault\u00bb phone_text_alignment=\u00bbdefault\u00bb animation_type=\u00bbdefault\u00bb bg_image_animation=\u00bbnone\u00bb border_type=\u00bbsimple\u00bb column_border_width=\u00bbnone\u00bb column_border_style=\u00bbsolid\u00bb gradient_type=\u00bbdefault\u00bb][vc_column_text]\n<h1 style=\"text-align: center;\">Scouting de locaciones en Espa\u00f1a<\/h1>\n[\/vc_column_text][\/vc_column][\/vc_row][vc_row type=\u00bbfull_width_content\u00bb full_screen_row_position=\u00bbmiddle\u00bb column_margin=\u00bbdefault\u00bb column_direction=\u00bbdefault\u00bb column_direction_tablet=\u00bbdefault\u00bb column_direction_phone=\u00bbdefault\u00bb scene_position=\u00bbcenter\u00bb text_color=\u00bbdark\u00bb text_align=\u00bbleft\u00bb row_border_radius=\u00bbnone\u00bb row_border_radius_applies=\u00bbbg\u00bb overflow=\u00bbvisible\u00bb advanced_gradient_angle=\u00bb0&#8243; overlay_strength=\u00bb0.3&#8243; gradient_direction=\u00bbleft_to_right\u00bb shape_divider_position=\u00bbbottom\u00bb bg_image_animation=\u00bbnone\u00bb gradient_type=\u00bbdefault\u00bb shape_type=\u00bb\u00bb][vc_column column_padding=\u00bbno-extra-padding\u00bb column_padding_tablet=\u00bbinherit\u00bb column_padding_phone=\u00bbinherit\u00bb column_padding_position=\u00bball\u00bb column_element_spacing=\u00bbdefault\u00bb background_color_opacity=\u00bb1&#8243; background_hover_color_opacity=\u00bb1&#8243; column_shadow=\u00bbnone\u00bb column_border_radius=\u00bbnone\u00bb column_link_target=\u00bb_self\u00bb column_position=\u00bbdefault\u00bb advanced_gradient_angle=\u00bb0&#8243; gradient_direction=\u00bbleft_to_right\u00bb overlay_strength=\u00bb0.3&#8243; width=\u00bb1\/2&#8243; tablet_width_inherit=\u00bbdefault\u00bb tablet_text_alignment=\u00bbdefault\u00bb phone_text_alignment=\u00bbdefault\u00bb animation_type=\u00bbdefault\u00bb bg_image_animation=\u00bbnone\u00bb border_type=\u00bbsimple\u00bb column_border_width=\u00bbnone\u00bb column_border_style=\u00bbsolid\u00bb gradient_type=\u00bbdefault\u00bb][\/vc_column][vc_column column_padding=\u00bbpadding-5-percent\u00bb column_padding_tablet=\u00bbinherit\u00bb column_padding_phone=\u00bbno-extra-padding\u00bb column_padding_position=\u00bbtop-right\u00bb column_element_spacing=\u00bbdefault\u00bb background_color_opacity=\u00bb1&#8243; background_hover_color_opacity=\u00bb1&#8243; column_shadow=\u00bbnone\u00bb column_border_radius=\u00bbnone\u00bb column_link_target=\u00bb_self\u00bb column_position=\u00bbdefault\u00bb advanced_gradient_angle=\u00bb0&#8243; gradient_direction=\u00bbleft_to_right\u00bb overlay_strength=\u00bb0.3&#8243; width=\u00bb1\/2&#8243; tablet_width_inherit=\u00bbdefault\u00bb tablet_text_alignment=\u00bbdefault\u00bb phone_text_alignment=\u00bbdefault\u00bb animation_type=\u00bbdefault\u00bb bg_image_animation=\u00bbnone\u00bb border_type=\u00bbsimple\u00bb column_border_width=\u00bbnone\u00bb column_border_style=\u00bbsolid\u00bb gradient_type=\u00bbdefault\u00bb][vc_column_text]\n<h3>Encontrar las mejores localizaciones es nuestro fuerte<\/h3>\n<p data-start=\"183\" data-end=\"415\">Tenemos un radar especial para encontrar las mejores ubicaciones en Espa\u00f1a. Nuestra experiencia buscando localizaciones nos ha llevado a descubrir espacios \u00fanicos que hacen destacar cualquier producci\u00f3n.<\/p>\n<p data-start=\"417\" data-end=\"783\">Nuestro servicio de <strong data-start=\"437\" data-end=\"458\">location scouting<\/strong> consiste en algo muy simple: conectar tu visi\u00f3n con el lugar perfecto. Desde bellas costas del mediterr\u00e1neo y callejones urbanos, hasta majestuosos monumentos o paisajes naturales. Nos fijamos en todo: la luz, la energ\u00eda, el acceso, el ambiente\u2026 todo lo que influye en c\u00f3mo se va a ver y sentir cada toma.<\/p>\n<p data-start=\"680\" data-end=\"1274\">\u00bfQu\u00e9 nos diferencia? Que vamos mucho m\u00e1s all\u00e1 de Google Maps. Somos contadores de historias natos, obsesionados con la est\u00e9tica y guiados tanto por el instinto como por el conocimiento local. T\u00fa traes la idea, y nosotros nos encargamos del entorno, los permisos y el acceso.<\/p>\n<p data-start=\"680\" data-end=\"1274\">Te ofrecemos un scouting de localizaciones hecho a medida, ya sea para anuncios, pel\u00edculas, documentales, contenido de marca o cualquier proyecto creativo. Escuchamos, nos adaptamos y salimos a buscar el lugar que encaje con tu historia, o echamos mano de nuestra base de datos para dar con el match perfecto.<\/p>\n<p data-start=\"1276\" data-end=\"1617\">Con Fonktown, trabajas con un equipo que entiende c\u00f3mo unir historia, espacio y producci\u00f3n de manera eficiente.<\/p>\n[\/vc_column_text][\/vc_column][\/vc_row][vc_row type=\u00bbin_container\u00bb full_screen_row_position=\u00bbmiddle\u00bb column_margin=\u00bbdefault\u00bb column_direction=\u00bbdefault\u00bb column_direction_tablet=\u00bbdefault\u00bb column_direction_phone=\u00bbdefault\u00bb scene_position=\u00bbcenter\u00bb text_color=\u00bbdark\u00bb text_align=\u00bbleft\u00bb row_border_radius=\u00bbnone\u00bb row_border_radius_applies=\u00bbbg\u00bb overflow=\u00bbvisible\u00bb overlay_strength=\u00bb0.3&#8243; gradient_direction=\u00bbleft_to_right\u00bb shape_divider_position=\u00bbbottom\u00bb bg_image_animation=\u00bbnone\u00bb][vc_column column_padding=\u00bbno-extra-padding\u00bb column_padding_tablet=\u00bbinherit\u00bb column_padding_phone=\u00bbinherit\u00bb column_padding_position=\u00bball\u00bb column_element_spacing=\u00bbdefault\u00bb background_color_opacity=\u00bb1&#8243; background_hover_color_opacity=\u00bb1&#8243; column_shadow=\u00bbnone\u00bb column_border_radius=\u00bbnone\u00bb column_link_target=\u00bb_self\u00bb column_position=\u00bbdefault\u00bb gradient_direction=\u00bbleft_to_right\u00bb overlay_strength=\u00bb0.3&#8243; width=\u00bb1\/1&#8243; tablet_width_inherit=\u00bbdefault\u00bb tablet_text_alignment=\u00bbdefault\u00bb phone_text_alignment=\u00bbdefault\u00bb animation_type=\u00bbdefault\u00bb bg_image_animation=\u00bbnone\u00bb border_type=\u00bbsimple\u00bb column_border_width=\u00bbnone\u00bb column_border_style=\u00bbsolid\u00bb][nectar_scrolling_text scroll_direction=\u00bbltr\u00bb scroll_speed=\u00bbslower\u00bb text_color=\u00bb#000000&#8243; style=\u00bbtext_outline\u00bb outline_thickness=\u00bbultra-thin\u00bb text_repeat_number=\u00bb5&#8243; text_repeat_divider=\u00bbnone\u00bb overflow=\u00bbvisible\u00bb background_image_animation=\u00bbNone\u00bb custom_font_size=\u00bb9vw\u00bb custom_font_size_mobile=\u00bb15vw\u00bb]\n<h2><em>Escoge tu destino #<\/em><\/h2>\n[\/nectar_scrolling_text][\/vc_column][\/vc_row][vc_row type=\u00bbfull_width_content\u00bb full_screen_row_position=\u00bbmiddle\u00bb column_margin=\u00bb20px\u00bb column_direction=\u00bbdefault\u00bb column_direction_tablet=\u00bbdefault\u00bb column_direction_phone=\u00bbdefault\u00bb scene_position=\u00bbcenter\u00bb top_padding=\u00bb6%\u00bb bottom_padding=\u00bb3%\u00bb text_color=\u00bbdark\u00bb text_align=\u00bbleft\u00bb row_border_radius=\u00bbnone\u00bb row_border_radius_applies=\u00bbbg\u00bb overflow=\u00bbvisible\u00bb id=\u00bbservices\u00bb advanced_gradient_angle=\u00bb0&#8243; overlay_strength=\u00bb0.3&#8243; gradient_direction=\u00bbleft_to_right\u00bb shape_divider_position=\u00bbbottom\u00bb bg_image_animation=\u00bbnone\u00bb shape_type=\u00bb\u00bb gradient_type=\u00bbdefault\u00bb][vc_column column_padding=\u00bbno-extra-padding\u00bb column_padding_tablet=\u00bbinherit\u00bb column_padding_phone=\u00bbinherit\u00bb column_padding_position=\u00bball\u00bb column_element_spacing=\u00bbdefault\u00bb background_color_opacity=\u00bb1&#8243; background_hover_color_opacity=\u00bb1&#8243; column_shadow=\u00bbnone\u00bb column_border_radius=\u00bbnone\u00bb column_link_target=\u00bb_self\u00bb column_position=\u00bbdefault\u00bb gradient_direction=\u00bbleft_to_right\u00bb overlay_strength=\u00bb0.3&#8243; width=\u00bb1\/1&#8243; tablet_width_inherit=\u00bbdefault\u00bb tablet_text_alignment=\u00bbdefault\u00bb phone_text_alignment=\u00bbdefault\u00bb animation_type=\u00bbdefault\u00bb bg_image_animation=\u00bbnone\u00bb border_type=\u00bbsimple\u00bb column_border_width=\u00bbnone\u00bb column_border_style=\u00bbsolid\u00bb][vc_row_inner column_margin=\u00bb20px\u00bb column_direction=\u00bbdefault\u00bb column_direction_tablet=\u00bbdefault\u00bb column_direction_phone=\u00bbdefault\u00bb bottom_padding=\u00bb3%\u00bb text_align=\u00bbleft\u00bb row_position=\u00bbdefault\u00bb row_position_tablet=\u00bbinherit\u00bb row_position_phone=\u00bbinherit\u00bb overflow=\u00bbvisible\u00bb pointer_events=\u00bball\u00bb][vc_column_inner column_padding=\u00bbno-extra-padding\u00bb column_padding_tablet=\u00bbinherit\u00bb column_padding_phone=\u00bbinherit\u00bb column_padding_position=\u00bball\u00bb column_element_spacing=\u00bbdefault\u00bb background_color_opacity=\u00bb1&#8243; background_hover_color_opacity=\u00bb1&#8243; column_shadow=\u00bbnone\u00bb column_border_radius=\u00bbnone\u00bb column_link_target=\u00bb_self\u00bb gradient_direction=\u00bbleft_to_right\u00bb overlay_strength=\u00bb0.3&#8243; width=\u00bb1\/4&#8243; tablet_width_inherit=\u00bbdefault\u00bb animation_type=\u00bbdefault\u00bb enable_animation=\u00bbtrue\u00bb animation=\u00bbfade-in-from-bottom\u00bb bg_image_animation=\u00bbnone\u00bb border_type=\u00bbsimple\u00bb column_border_width=\u00bbnone\u00bb column_border_style=\u00bbsolid\u00bb][fancy_box box_style=\u00bbhover_desc\u00bb icon_family=\u00bbnone\u00bb image_url=\u00bb2016&#8243; hover_color=\u00bbaccent-color\u00bb hover_desc_color_opacity=\u00bbdefault\u00bb hover_desc_hover_overlay_opacity=\u00bbdefault\u00bb icon_position=\u00bbbottom\u00bb box_alignment=\u00bbleft\u00bb hover_desc_bg_animation=\u00bblong_zoom\u00bb border_radius=\u00bbdefault\u00bb image_loading=\u00bblazy-load\u00bb color_scheme=\u00bbdark\u00bb secondary_content=\u00bbhere&#8217;s some awesome text that would only be shown on hover\u00bb min_height=\u00bb500&#8243; hover_content=\u00bbScouting in Valencia\u00bb link_url=\u00bbhttps:\/\/fonktown.es\/scouting-in-valencia\/\u00bb]\n<h2>Valencia<\/h2>\n[\/fancy_box][\/vc_column_inner][vc_column_inner column_padding=\u00bbno-extra-padding\u00bb column_padding_tablet=\u00bbinherit\u00bb column_padding_phone=\u00bbinherit\u00bb column_padding_position=\u00bball\u00bb column_element_spacing=\u00bbdefault\u00bb background_color_opacity=\u00bb1&#8243; background_hover_color_opacity=\u00bb1&#8243; column_shadow=\u00bbnone\u00bb column_border_radius=\u00bbnone\u00bb column_link_target=\u00bb_self\u00bb gradient_direction=\u00bbleft_to_right\u00bb overlay_strength=\u00bb0.3&#8243; width=\u00bb1\/4&#8243; tablet_width_inherit=\u00bbdefault\u00bb animation_type=\u00bbdefault\u00bb enable_animation=\u00bbtrue\u00bb animation=\u00bbfade-in-from-bottom\u00bb bg_image_animation=\u00bbnone\u00bb border_type=\u00bbsimple\u00bb column_border_width=\u00bbnone\u00bb column_border_style=\u00bbsolid\u00bb delay=\u00bb50&#8243;][fancy_box box_style=\u00bbhover_desc\u00bb icon_family=\u00bbnone\u00bb image_url=\u00bb1968&#8243; hover_color=\u00bbaccent-color\u00bb hover_desc_color_opacity=\u00bbdefault\u00bb hover_desc_hover_overlay_opacity=\u00bbdefault\u00bb icon_position=\u00bbbottom\u00bb box_alignment=\u00bbleft\u00bb hover_desc_bg_animation=\u00bblong_zoom\u00bb border_radius=\u00bbdefault\u00bb image_loading=\u00bblazy-load\u00bb color_scheme=\u00bbdark\u00bb secondary_content=\u00bbhere&#8217;s some awesome text that would only be shown on hover\u00bb min_height=\u00bb500&#8243; hover_content=\u00bbScouting in Barcelona\u00bb link_url=\u00bbhttps:\/\/fonktown.es\/scouting-in-barcelona\/\u00bb]\n<h2>Barcelona<\/h2>\n[\/fancy_box][\/vc_column_inner][vc_column_inner column_padding=\u00bbno-extra-padding\u00bb column_padding_tablet=\u00bbinherit\u00bb column_padding_phone=\u00bbinherit\u00bb column_padding_position=\u00bball\u00bb column_element_spacing=\u00bbdefault\u00bb background_color_opacity=\u00bb1&#8243; background_hover_color_opacity=\u00bb1&#8243; column_shadow=\u00bbnone\u00bb column_border_radius=\u00bbnone\u00bb column_link_target=\u00bb_self\u00bb gradient_direction=\u00bbleft_to_right\u00bb overlay_strength=\u00bb0.3&#8243; width=\u00bb1\/4&#8243; tablet_width_inherit=\u00bbdefault\u00bb animation_type=\u00bbdefault\u00bb enable_animation=\u00bbtrue\u00bb animation=\u00bbfade-in-from-bottom\u00bb bg_image_animation=\u00bbnone\u00bb border_type=\u00bbsimple\u00bb column_border_width=\u00bbnone\u00bb column_border_style=\u00bbsolid\u00bb delay=\u00bb100&#8243;][fancy_box box_style=\u00bbhover_desc\u00bb icon_family=\u00bbnone\u00bb image_url=\u00bb2012&#8243; hover_color=\u00bbaccent-color\u00bb hover_desc_color_opacity=\u00bbdefault\u00bb hover_desc_hover_overlay_opacity=\u00bbdefault\u00bb icon_position=\u00bbbottom\u00bb box_alignment=\u00bbleft\u00bb hover_desc_bg_animation=\u00bblong_zoom\u00bb border_radius=\u00bbdefault\u00bb image_loading=\u00bblazy-load\u00bb color_scheme=\u00bbdark\u00bb secondary_content=\u00bbhere&#8217;s some awesome text that would only be shown on hover\u00bb min_height=\u00bb500&#8243; hover_content=\u00bbScouting in Madrid\u00bb link_url=\u00bbhttps:\/\/fonktown.es\/scouting-in-madrid\/\u00bb]\n<h2>Madrid<\/h2>\n[\/fancy_box][\/vc_column_inner][vc_column_inner column_padding=\u00bbno-extra-padding\u00bb column_padding_tablet=\u00bbinherit\u00bb column_padding_phone=\u00bbinherit\u00bb column_padding_position=\u00bball\u00bb column_element_spacing=\u00bbdefault\u00bb background_color_opacity=\u00bb1&#8243; background_hover_color_opacity=\u00bb1&#8243; column_shadow=\u00bbnone\u00bb column_border_radius=\u00bbnone\u00bb column_link_target=\u00bb_self\u00bb gradient_direction=\u00bbleft_to_right\u00bb overlay_strength=\u00bb0.3&#8243; width=\u00bb1\/4&#8243; tablet_width_inherit=\u00bbdefault\u00bb animation_type=\u00bbdefault\u00bb enable_animation=\u00bbtrue\u00bb animation=\u00bbfade-in-from-bottom\u00bb bg_image_animation=\u00bbnone\u00bb border_type=\u00bbsimple\u00bb column_border_width=\u00bbnone\u00bb column_border_style=\u00bbsolid\u00bb delay=\u00bb150&#8243;][fancy_box box_style=\u00bbhover_desc\u00bb icon_family=\u00bbnone\u00bb image_url=\u00bb2043&#8243; hover_color=\u00bbaccent-color\u00bb hover_desc_color_opacity=\u00bbdefault\u00bb hover_desc_hover_overlay_opacity=\u00bbdefault\u00bb icon_position=\u00bbbottom\u00bb box_alignment=\u00bbleft\u00bb hover_desc_bg_animation=\u00bblong_zoom\u00bb border_radius=\u00bbdefault\u00bb image_loading=\u00bblazy-load\u00bb color_scheme=\u00bbdark\u00bb secondary_content=\u00bbhere&#8217;s some awesome text that would only be shown on hover\u00bb min_height=\u00bb500&#8243; hover_content=\u00bbScouting in Mallorca\u00bb link_url=\u00bbhttps:\/\/fonktown.es\/scouting-in-mallorca\/\u00bb]\n<h2>Ibiza &amp; Mallorca<\/h2>\n[\/fancy_box][\/vc_column_inner][\/vc_row_inner][nectar_scrolling_text scroll_direction=\u00bbltr\u00bb scroll_speed=\u00bbslowest\u00bb text_color=\u00bb#0a0a0a\u00bb style=\u00bbtext_outline\u00bb outline_thickness=\u00bbultra-thin\u00bb text_repeat_number=\u00bb5&#8243; text_repeat_divider=\u00bbnone\u00bb overflow=\u00bbvisible\u00bb background_image_animation=\u00bbNone\u00bb custom_font_size=\u00bb9vw\u00bb custom_font_size_mobile=\u00bb15vw\u00bb]\n<h2><em>Scouting de locaciones #<\/em><\/h2>\n[\/nectar_scrolling_text][\/vc_column][\/vc_row][vc_row type=\u00bbfull_width_background\u00bb full_screen_row_position=\u00bbmiddle\u00bb column_margin=\u00bbdefault\u00bb column_direction=\u00bbdefault\u00bb column_direction_tablet=\u00bbdefault\u00bb column_direction_phone=\u00bbdefault\u00bb scene_position=\u00bbcenter\u00bb text_color=\u00bbdark\u00bb text_align=\u00bbleft\u00bb row_border_radius=\u00bbnone\u00bb row_border_radius_applies=\u00bbbg\u00bb overflow=\u00bbvisible\u00bb advanced_gradient_angle=\u00bb0&#8243; overlay_strength=\u00bb0.3&#8243; gradient_direction=\u00bbleft_to_right\u00bb shape_divider_position=\u00bbbottom\u00bb bg_image_animation=\u00bbnone\u00bb gradient_type=\u00bbdefault\u00bb shape_type=\u00bb\u00bb][vc_column column_padding=\u00bbno-extra-padding\u00bb column_padding_tablet=\u00bbinherit\u00bb column_padding_phone=\u00bbinherit\u00bb column_padding_position=\u00bball\u00bb column_element_spacing=\u00bbdefault\u00bb background_color_opacity=\u00bb1&#8243; background_hover_color_opacity=\u00bb1&#8243; column_shadow=\u00bbnone\u00bb column_border_radius=\u00bbnone\u00bb column_link_target=\u00bb_self\u00bb column_position=\u00bbdefault\u00bb gradient_direction=\u00bbleft_to_right\u00bb overlay_strength=\u00bb0.3&#8243; width=\u00bb1\/1&#8243; tablet_width_inherit=\u00bbdefault\u00bb tablet_text_alignment=\u00bbdefault\u00bb phone_text_alignment=\u00bbdefault\u00bb animation_type=\u00bbdefault\u00bb bg_image_animation=\u00bbnone\u00bb border_type=\u00bbsimple\u00bb column_border_width=\u00bbnone\u00bb column_border_style=\u00bbsolid\u00bb][vc_gallery type=\u00bbflickity_static_height_style\u00bb images=\u00bb3362,3360,10515,10517,10519&#8243; flickity_spacing=\u00bb15px\u00bb flickity_controls=\u00bbmaterial_pagination\u00bb flickity_overflow=\u00bbhidden\u00bb flickity_wrap_around=\u00bbwrap\u00bb flickity_box_shadow=\u00bbnone\u00bb image_loading=\u00bbdefault\u00bb onclick=\u00bblink_no\u00bb flickity_img_height=\u00bb300&#8243; img_size=\u00bbfull\u00bb][\/vc_column][\/vc_row][vc_row type=\u00bbin_container\u00bb full_screen_row_position=\u00bbmiddle\u00bb column_margin=\u00bbdefault\u00bb column_direction=\u00bbdefault\u00bb column_direction_tablet=\u00bbdefault\u00bb column_direction_phone=\u00bbdefault\u00bb scene_position=\u00bbcenter\u00bb text_color=\u00bbdark\u00bb text_align=\u00bbleft\u00bb row_border_radius=\u00bbnone\u00bb row_border_radius_applies=\u00bbbg\u00bb overflow=\u00bbvisible\u00bb overlay_strength=\u00bb0.3&#8243; gradient_direction=\u00bbleft_to_right\u00bb shape_divider_position=\u00bbbottom\u00bb bg_image_animation=\u00bbnone\u00bb][vc_column column_padding=\u00bbno-extra-padding\u00bb column_padding_tablet=\u00bbinherit\u00bb column_padding_phone=\u00bbinherit\u00bb column_padding_position=\u00bball\u00bb column_element_spacing=\u00bbdefault\u00bb background_color_opacity=\u00bb1&#8243; background_hover_color_opacity=\u00bb1&#8243; column_shadow=\u00bbnone\u00bb column_border_radius=\u00bbnone\u00bb column_link_target=\u00bb_self\u00bb column_position=\u00bbdefault\u00bb gradient_direction=\u00bbleft_to_right\u00bb overlay_strength=\u00bb0.3&#8243; width=\u00bb1\/1&#8243; tablet_width_inherit=\u00bbdefault\u00bb tablet_text_alignment=\u00bbdefault\u00bb phone_text_alignment=\u00bbdefault\u00bb animation_type=\u00bbdefault\u00bb bg_image_animation=\u00bbnone\u00bb border_type=\u00bbsimple\u00bb column_border_width=\u00bbnone\u00bb column_border_style=\u00bbsolid\u00bb][divider line_type=\u00bbNo Line\u00bb custom_height=\u00bb30&#8243;][\/vc_column][\/vc_row][vc_row type=\u00bbin_container\u00bb full_screen_row_position=\u00bbmiddle\u00bb column_margin=\u00bbdefault\u00bb column_direction=\u00bbdefault\u00bb column_direction_tablet=\u00bbdefault\u00bb column_direction_phone=\u00bbdefault\u00bb scene_position=\u00bbcenter\u00bb text_color=\u00bbdark\u00bb text_align=\u00bbleft\u00bb row_border_radius=\u00bbnone\u00bb row_border_radius_applies=\u00bbbg\u00bb overflow=\u00bbvisible\u00bb overlay_strength=\u00bb0.3&#8243; gradient_direction=\u00bbleft_to_right\u00bb shape_divider_position=\u00bbbottom\u00bb bg_image_animation=\u00bbnone\u00bb][vc_column column_padding=\u00bbno-extra-padding\u00bb column_padding_tablet=\u00bbinherit\u00bb column_padding_phone=\u00bbinherit\u00bb column_padding_position=\u00bball\u00bb column_element_spacing=\u00bbdefault\u00bb background_color_opacity=\u00bb1&#8243; background_hover_color_opacity=\u00bb1&#8243; column_shadow=\u00bbnone\u00bb column_border_radius=\u00bbnone\u00bb column_link_target=\u00bb_self\u00bb column_position=\u00bbdefault\u00bb gradient_direction=\u00bbleft_to_right\u00bb overlay_strength=\u00bb0.3&#8243; width=\u00bb1\/1&#8243; tablet_width_inherit=\u00bbdefault\u00bb tablet_text_alignment=\u00bbdefault\u00bb phone_text_alignment=\u00bbdefault\u00bb animation_type=\u00bbdefault\u00bb bg_image_animation=\u00bbnone\u00bb border_type=\u00bbsimple\u00bb column_border_width=\u00bbnone\u00bb column_border_style=\u00bbsolid\u00bb][nectar_global_section id=\u00bb9661&#8243;][\/vc_column][\/vc_row]\n","protected":false},"excerpt":{"rendered":"<p>[vc_row type=\u00bbfull_width_content\u00bb full_screen_row_position=\u00bbmiddle\u00bb column_margin=\u00bbdefault\u00bb column_direction=\u00bbdefault\u00bb column_direction_tablet=\u00bbdefault\u00bb column_direction_phone=\u00bbdefault\u00bb bg_image=\u00bb11005&#8243; bg_position=\u00bbcenter center\u00bb background_image_loading=\u00bbdefault\u00bb bg_repeat=\u00bbno-repeat\u00bb scene_position=\u00bbcenter\u00bb top_padding=\u00bb0&#8243; bottom_padding=\u00bb0&#8243; text_color=\u00bblight\u00bb text_align=\u00bbleft\u00bb row_border_radius=\u00bbnone\u00bb row_border_radius_applies=\u00bbbg\u00bb overflow=\u00bbvisible\u00bb color_overlay=\u00bb#000000&#8243; advanced_gradient_angle=\u00bb0&#8243; overlay_strength=\u00bb0.5&#8243; gradient_direction=\u00bbleft_to_right\u00bb shape_divider_position=\u00bbbottom\u00bb bg_image_animation=\u00bbnone\u00bb gradient_type=\u00bbdefault\u00bb shape_type=\u00bb\u00bb][vc_column column_padding=\u00bbpadding-15-percent\u00bb column_padding_tablet=\u00bbinherit\u00bb&#8230;<\/p>\n","protected":false},"author":1,"featured_media":0,"parent":3839,"menu_order":0,"comment_status":"closed","ping_status":"closed","template":"","meta":{"footnotes":""},"class_list":["post-15274","page","type-page","status-publish"],"_links":{"self":[{"href":"https:\/\/fonktown.es\/es\/wp-json\/wp\/v2\/pages\/15274","targetHints":{"allow":["GET"]}}],"collection":[{"href":"https:\/\/fonktown.es\/es\/wp-json\/wp\/v2\/pages"}],"about":[{"href":"https:\/\/fonktown.es\/es\/wp-json\/wp\/v2\/types\/page"}],"author":[{"embeddable":true,"href":"https:\/\/fonktown.es\/es\/wp-json\/wp\/v2\/users\/1"}],"replies":[{"embeddable":true,"href":"https:\/\/fonktown.es\/es\/wp-json\/wp\/v2\/comments?post=15274"}],"version-history":[{"count":10,"href":"https:\/\/fonktown.es\/es\/wp-json\/wp\/v2\/pages\/15274\/revisions"}],"predecessor-version":[{"id":16553,"href":"https:\/\/fonktown.es\/es\/wp-json\/wp\/v2\/pages\/15274\/revisions\/16553"}],"up":[{"embeddable":true,"href":"https:\/\/fonktown.es\/es\/wp-json\/wp\/v2\/pages\/3839"}],"wp:attachment":[{"href":"https:\/\/fonktown.es\/es\/wp-json\/wp\/v2\/media?parent=15274"}],"curies":[{"name":"wp","href":"https:\/\/api.w.org\/{rel}","templated":true}]}}